{"id":5601,"date":"2023-11-30T11:50:38","date_gmt":"2023-11-30T14:50:38","guid":{"rendered":"https:\/\/loboproduccionesaudiovisuales.ar\/?p=5601"},"modified":"2023-11-30T13:12:03","modified_gmt":"2023-11-30T16:12:03","slug":"monitoreo-de-precipitacion-diaria","status":"publish","type":"page","link":"https:\/\/loboproduccionesaudiovisuales.ar\/?page_id=5601","title":{"rendered":"Monitoreo de precipitaci\u00f3n diaria"},"content":{"rendered":"<p>Precipitaci\u00f3n \u00cdndice ITH<\/p>\n<div><img decoding=\"async\" src=\"https:\/\/estaticos.smn.gob.ar\/dpd\/cartas\/precipgr.gif\" \/><\/div>\n<p>&nbsp;<\/p>\n<p class=\"wpss_copy\">Content retrieved from: <a href=\"https:\/\/www.smn.gob.ar\/monitoreo_periodos\" target=\"_blank\" rel=\"noopener\">https:\/\/www.smn.gob.ar\/monitoreo_periodos<\/a>.<\/p>\n","protected":false},"excerpt":{"rendered":"<p>Precipitaci\u00f3n \u00cdndice ITH<\/p>\n","protected":false},"author":2,"featured_media":0,"parent":0,"menu_order":0,"comment_status":"open","ping_status":"open","template":"","meta":{"footnotes":""},"class_list":["post-5601","page","type-page","status-publish","hentry"],"aioseo_notices":[],"_links":{"self":[{"href":"https:\/\/loboproduccionesaudiovisuales.ar\/index.php?rest_route=\/wp\/v2\/pages\/5601","targetHints":{"allow":["GET"]}}],"collection":[{"href":"https:\/\/loboproduccionesaudiovisuales.ar\/index.php?rest_route=\/wp\/v2\/pages"}],"about":[{"href":"https:\/\/loboproduccionesaudiovisuales.ar\/index.php?rest_route=\/wp\/v2\/types\/page"}],"author":[{"embeddable":true,"href":"https:\/\/loboproduccionesaudiovisuales.ar\/index.php?rest_route=\/wp\/v2\/users\/2"}],"replies":[{"embeddable":true,"href":"https:\/\/loboproduccionesaudiovisuales.ar\/index.php?rest_route=%2Fwp%2Fv2%2Fcomments&post=5601"}],"version-history":[{"count":3,"href":"https:\/\/loboproduccionesaudiovisuales.ar\/index.php?rest_route=\/wp\/v2\/pages\/5601\/revisions"}],"predecessor-version":[{"id":6514,"href":"https:\/\/loboproduccionesaudiovisuales.ar\/index.php?rest_route=\/wp\/v2\/pages\/5601\/revisions\/6514"}],"wp:attachment":[{"href":"https:\/\/loboproduccionesaudiovisuales.ar\/index.php?rest_route=%2Fwp%2Fv2%2Fmedia&parent=5601"}],"curies":[{"name":"wp","href":"https:\/\/api.w.org\/{rel}","templated":true}]}}